{"id":2340,"date":"2016-04-10T09:11:34","date_gmt":"2016-04-10T08:11:34","guid":{"rendered":"http:\/\/zycopolis.com\/fr\/legal-terms\/"},"modified":"2017-01-14T18:38:50","modified_gmt":"2017-01-14T17:38:50","slug":"mentions-legales","status":"publish","type":"page","link":"https:\/\/zycopolis.com\/fr\/mentions-legales\/","title":{"rendered":"Mentions l\u00e9gales"},"content":{"rendered":"<p><strong>Directeur de publication :<\/strong><br \/>\nZycopolis Productions<br \/>\n24 rue Saint-Lazare, 69007 Lyon<\/p>\n<p><strong>H\u00e9bergeur:<\/strong><br \/>\nOVH SAS<br \/>\n2 rue Kellermann &#8211; 59100 Roubaix &#8211; France<\/p>\n<p><strong>Con\u00e7u et r\u00e9alis\u00e9 par :<\/strong><br \/>\n<a href=\"http:\/\/www.tubbychill.com\/\" target=\"_blank\">Tubbychill<\/a> (groupe <a href=\"http:\/\/www.tubbydev.com\/\" target=\"_blank\">Tubbydev<\/a>) Olivier RAVEAU &#8211; mai 2016.<\/p>\n","protected":false},"excerpt":{"rendered":"<p>Directeur de publication : Zycopolis Productions 24 rue Saint-Lazare, 69007 Lyon H\u00e9bergeur: OVH SAS 2 rue Kellermann &#8211; 59100 Roubaix &#8211; France Con\u00e7u et r\u00e9alis\u00e9 par : Tubbychill (groupe Tubbydev) Olivier RAVEAU &#8211; mai 2016.<\/p>\n","protected":false},"author":1,"featured_media":0,"parent":0,"menu_order":0,"comment_status":"closed","ping_status":"closed","template":"","meta":[],"acf":[],"yoast_head":"<!-- This site is optimized with the Yoast SEO plugin v19.13 - https:\/\/yoast.com\/wordpress\/plugins\/seo\/ -->\n<title>Mentions l\u00e9gales - Zycopolis<\/title>\n<meta name=\"robots\" content=\"index, follow, max-snippet:-1, max-image-preview:large, max-video-preview:-1\" \/>\n<link rel=\"canonical\" href=\"https:\/\/zycopolis.com\/fr\/mentions-legales\/\" \/>\n<meta property=\"og:locale\" content=\"fr_FR\" \/>\n<meta property=\"og:type\" content=\"article\" \/>\n<meta property=\"og:title\" content=\"Mentions l\u00e9gales - Zycopolis\" \/>\n<meta property=\"og:description\" content=\"Directeur de publication : Zycopolis Productions 24 rue Saint-Lazare, 69007 Lyon H\u00e9bergeur: OVH SAS 2 rue Kellermann &#8211; 59100 Roubaix &#8211; France Con\u00e7u et r\u00e9alis\u00e9 par : Tubbychill (groupe Tubbydev) Olivier RAVEAU &#8211; mai 2016.\" \/>\n<meta property=\"og:url\" content=\"https:\/\/zycopolis.com\/fr\/mentions-legales\/\" \/>\n<meta property=\"og:site_name\" content=\"Zycopolis\" \/>\n<meta property=\"article:publisher\" content=\"https:\/\/www.facebook.com\/zycopolis\" \/>\n<meta property=\"article:modified_time\" content=\"2017-01-14T17:38:50+00:00\" \/>\n<meta property=\"og:image\" content=\"https:\/\/zycopolis.com\/production-video-concert-documentaire\/zycopolis-logo-328-150.png\" \/>\n\t<meta property=\"og:image:width\" content=\"328\" \/>\n\t<meta property=\"og:image:height\" content=\"150\" \/>\n\t<meta property=\"og:image:type\" content=\"image\/png\" \/>\n<meta name=\"twitter:card\" content=\"summary_large_image\" \/>\n<meta name=\"twitter:site\" content=\"@zycopolis\" \/>\n<script type=\"application\/ld+json\" class=\"yoast-schema-graph\">{\"@context\":\"https:\/\/schema.org\",\"@graph\":[{\"@type\":\"WebPage\",\"@id\":\"https:\/\/zycopolis.com\/fr\/mentions-legales\/\",\"url\":\"https:\/\/zycopolis.com\/fr\/mentions-legales\/\",\"name\":\"Mentions l\u00e9gales - Zycopolis\",\"isPartOf\":{\"@id\":\"https:\/\/zycopolis.com\/fr\/#website\"},\"datePublished\":\"2016-04-10T08:11:34+00:00\",\"dateModified\":\"2017-01-14T17:38:50+00:00\",\"breadcrumb\":{\"@id\":\"https:\/\/zycopolis.com\/fr\/mentions-legales\/#breadcrumb\"},\"inLanguage\":\"fr-FR\",\"potentialAction\":[{\"@type\":\"ReadAction\",\"target\":[\"https:\/\/zycopolis.com\/fr\/mentions-legales\/\"]}]},{\"@type\":\"BreadcrumbList\",\"@id\":\"https:\/\/zycopolis.com\/fr\/mentions-legales\/#breadcrumb\",\"itemListElement\":[{\"@type\":\"ListItem\",\"position\":1,\"name\":\"Home\",\"item\":\"https:\/\/zycopolis.com\/fr\/\"},{\"@type\":\"ListItem\",\"position\":2,\"name\":\"Mentions l\u00e9gales\"}]},{\"@type\":\"WebSite\",\"@id\":\"https:\/\/zycopolis.com\/fr\/#website\",\"url\":\"https:\/\/zycopolis.com\/fr\/\",\"name\":\"Zycopolis\",\"description\":\"Production son &amp; vid\u00e9o\",\"potentialAction\":[{\"@type\":\"SearchAction\",\"target\":{\"@type\":\"EntryPoint\",\"urlTemplate\":\"https:\/\/zycopolis.com\/fr\/?s={search_term_string}\"},\"query-input\":\"required name=search_term_string\"}],\"inLanguage\":\"fr-FR\"}]}<\/script>\n<!-- \/ Yoast SEO plugin. -->","yoast_head_json":{"title":"Mentions l\u00e9gales - Zycopolis","robots":{"index":"index","follow":"follow","max-snippet":"max-snippet:-1","max-image-preview":"max-image-preview:large","max-video-preview":"max-video-preview:-1"},"canonical":"https:\/\/zycopolis.com\/fr\/mentions-legales\/","og_locale":"fr_FR","og_type":"article","og_title":"Mentions l\u00e9gales - Zycopolis","og_description":"Directeur de publication : Zycopolis Productions 24 rue Saint-Lazare, 69007 Lyon H\u00e9bergeur: OVH SAS 2 rue Kellermann &#8211; 59100 Roubaix &#8211; France Con\u00e7u et r\u00e9alis\u00e9 par : Tubbychill (groupe Tubbydev) Olivier RAVEAU &#8211; mai 2016.","og_url":"https:\/\/zycopolis.com\/fr\/mentions-legales\/","og_site_name":"Zycopolis","article_publisher":"https:\/\/www.facebook.com\/zycopolis","article_modified_time":"2017-01-14T17:38:50+00:00","og_image":[{"width":328,"height":150,"url":"https:\/\/zycopolis.com\/production-video-concert-documentaire\/zycopolis-logo-328-150.png","type":"image\/png"}],"twitter_card":"summary_large_image","twitter_site":"@zycopolis","schema":{"@context":"https:\/\/schema.org","@graph":[{"@type":"WebPage","@id":"https:\/\/zycopolis.com\/fr\/mentions-legales\/","url":"https:\/\/zycopolis.com\/fr\/mentions-legales\/","name":"Mentions l\u00e9gales - Zycopolis","isPartOf":{"@id":"https:\/\/zycopolis.com\/fr\/#website"},"datePublished":"2016-04-10T08:11:34+00:00","dateModified":"2017-01-14T17:38:50+00:00","breadcrumb":{"@id":"https:\/\/zycopolis.com\/fr\/mentions-legales\/#breadcrumb"},"inLanguage":"fr-FR","potentialAction":[{"@type":"ReadAction","target":["https:\/\/zycopolis.com\/fr\/mentions-legales\/"]}]},{"@type":"BreadcrumbList","@id":"https:\/\/zycopolis.com\/fr\/mentions-legales\/#breadcrumb","itemListElement":[{"@type":"ListItem","position":1,"name":"Home","item":"https:\/\/zycopolis.com\/fr\/"},{"@type":"ListItem","position":2,"name":"Mentions l\u00e9gales"}]},{"@type":"WebSite","@id":"https:\/\/zycopolis.com\/fr\/#website","url":"https:\/\/zycopolis.com\/fr\/","name":"Zycopolis","description":"Production son &amp; vid\u00e9o","potentialAction":[{"@type":"SearchAction","target":{"@type":"EntryPoint","urlTemplate":"https:\/\/zycopolis.com\/fr\/?s={search_term_string}"},"query-input":"required name=search_term_string"}],"inLanguage":"fr-FR"}]}},"_links":{"self":[{"href":"https:\/\/zycopolis.com\/fr\/wp-json\/wp\/v2\/pages\/2340"}],"collection":[{"href":"https:\/\/zycopolis.com\/fr\/wp-json\/wp\/v2\/pages"}],"about":[{"href":"https:\/\/zycopolis.com\/fr\/wp-json\/wp\/v2\/types\/page"}],"author":[{"embeddable":true,"href":"https:\/\/zycopolis.com\/fr\/wp-json\/wp\/v2\/users\/1"}],"replies":[{"embeddable":true,"href":"https:\/\/zycopolis.com\/fr\/wp-json\/wp\/v2\/comments?post=2340"}],"version-history":[{"count":1,"href":"https:\/\/zycopolis.com\/fr\/wp-json\/wp\/v2\/pages\/2340\/revisions"}],"predecessor-version":[{"id":28227,"href":"https:\/\/zycopolis.com\/fr\/wp-json\/wp\/v2\/pages\/2340\/revisions\/28227"}],"wp:attachment":[{"href":"https:\/\/zycopolis.com\/fr\/wp-json\/wp\/v2\/media?parent=2340"}],"curies":[{"name":"wp","href":"https:\/\/api.w.org\/{rel}","templated":true}]}}