{"id":1773,"date":"2016-04-04T10:27:04","date_gmt":"2016-04-04T09:27:04","guid":{"rendered":"http:\/\/zycopolis.com\/fr\/the-company\/"},"modified":"2020-11-23T09:40:19","modified_gmt":"2020-11-23T08:40:19","slug":"la-compagnie","status":"publish","type":"page","link":"https:\/\/zycopolis.com\/fr\/la-compagnie\/","title":{"rendered":"La compagnie"},"content":{"rendered":"<p>[vc_row][vc_column][vc_column_text]<\/p>\n<p class=\"p1\">Depuis 2002 Zycopolis nos programmes se d\u00e9clinent autour du rock, du jazz, de la world music, du rap (hip-hop), de la chanson fran\u00e7aise, de la musique classique, c\u2019est plus de 400 concerts d\u2019artistes nationaux et internationaux qui nous ont fait confiance: Francis Cabrel, Marcus Miller, Coldplay, Maroon5, Ahmad Jamal, Rom\u00e9o Elvis, Bobby McFerrin, Gael Faye, Snarky Puppy, Manu Dibango, Kendji Girac, JoeyStarr, Admiral T, Kassav, Kid Ink, Carlos Santana, Youssou N\u2019Dour, Oumou Sangar\u00e9, Ibrahim Maalouf,<span class=\"Apple-converted-space\">\u00a0 <\/span>Demi Portion, Herbie Hancock, Al Jarreau, Chick Corea, Deep Purple, Trust, Buena Vista Social Club, Oxmo Puccino, Magic System, Steve Va\u00ef, Hugh Laurie, Youssoupha, Michel Ocelot, Philippe Genty, Gilberto Gil, Nicolas Bedos, Melody Gardot, Ben Harper, Yannick Noah, Michel Leeb &#8230;<\/p>\n<p class=\"p2\">Mais ausi de la danse (Celtic Legends),du spectacle \u00e9questre (Symphonie Equestre,<span class=\"Apple-converted-space\">\u00a0 <\/span>A Cheval Sur La Musique, Cavalero, Un Cheval , Mario Luraschi&#8230;), du th\u00e9\u00e2tre (Le Songe D\u2019une Autre Nuit, Un Dr\u00f4le De P\u00e8re, Sortie De Sc\u00e8ne, Cahier D\u2019un Retour Au Pays Natal, 2m74 Au Th\u00e9\u00e2tre De Poche, La Nuit Des Rois, Philippe Genty&#8230;), du one man show, (Hilarmonic Show, Jean-Yves Rupert,&#8230;), de la com\u00e9die musicale (Kirikou &amp; Karaba, Li Te Ve\u2019 War&#8230;) et des concerts \u00e9v\u00e8nements: <b>Nuit d\u2019Outre Mer \u00e0 L\u2019AccorHotels Arena <\/b>(2011- 2012 &#8211; 2015), <b>Nuit Africaine au Stade de France <\/b>(2011), <b>Kassav au Stade de France<\/b> (2009), <b>Les Mozarts de l\u2019Op\u00e9ra <\/b>(2019)<\/p>\n<p class=\"p1\">A travers l\u2019ensemble de ses films, Zycopolis participe ainsi \u00e0 la volont\u00e9 de d\u00e9fendre la cr\u00e9ation sous toutes ses formes, dans le respect des \u0153uvres et de ceux qui les cr\u00e9ent.<\/p>\n<p class=\"p1\">C\u2019est \u00e9galement plus de 40 documentaires:<\/p>\n<p class=\"p2\">\u00ab<b><i>Motherland<\/i><\/b>\u00bb de Patrick Savey, \u00ab<b><i>Les rencontres d\u2019Astaffort, la cour de cr\u00e9ation<\/i><\/b>\u00bb de Patrick Savey, \u00ab<b><i>Marcus<\/i><\/b>\u00bb de Patrick Savey, \u00ab<b><i>Bartabas, un piaffe de plus dans l\u2019inconnu<\/i><\/b>\u00bb de Patrick Savey, \u00ab<b><i>Autour du blues&#8230;le film<\/i><\/b>\u00bb de Patrick Savey, \u00ab<b><i>Faux Bond<\/i><\/b>\u00bb,d\u2019Agn\u00e8s Guillaume \u00ab<b><i>Love Motel<\/i><\/b>\u00bb de G\u00e9rard Bonnet et Philippe Ray, \u00ab<b><i>Les enfants de Django, du jazz sans tambour ni trompette<\/i><\/b>\u00bb de Patrick Savey, \u00ab<b><i>L\u2019attrape R\u00eave<\/i><\/b>\u00bb de Patrick Savey, \u00ab<b><i>La L\u00e9gende du Groove<\/i><\/b>\u00bb de Patrick Savey, \u00ab<b><i>North Sea Jazz Cruise<\/i><\/b>\u00bb de Patrick Savey, \u00ab<b><i>Naissance d\u2019un Dialect<\/i><\/b>\u00bb de Patrick Savey, \u00ab<b><i>Magali Delgado &amp; Fr\u00e9d\u00e9ric Pignon, Les pens\u00e9es secr\u00e8tes des \u00e9talons<\/i><\/b>\u00bb de Patrick Savey, \u00ab<b><i>Cent notes sans filet<\/i><\/b>\u00bb d\u2019Arthur Cemin, <b><i>Kwame Ryan \u00abSymphonie d\u2019une Vie\u00bb<\/i><\/b> de Patrick Savey et Pascal Chevalier, \u00ab<b><i>EQI Cheval Libre<\/i><\/b>\u00bb de Patrick Savey, \u00ab<b><i>Autour de Chet<\/i><\/b>\u00bb, de L\u00e9onard Courtaux, \u00ab<b><i>L\u2019\u00c9cole des nouveaux mousquetaire (Puy du Fou)<\/i><\/b>\u00bb de Patrick Savey, \u00ab<b><i>Kendji Girac De l\u2019ombre \u00e0 la Lumi\u00e8re <\/i><\/b>\u00bb de Elsa Vasselin et Xavier Paris, \u00ab<b><i>Les Cavaliers Afghans sur les traces de Joseph Kessel<\/i><\/b>\u00bb de Louis Meunier, \u201c<b><i>I Love Isabelle Huppert<\/i><\/b>\u201dde Jean-Marie Nizan &amp; St\u00e9phane Bergouhnioux, \u201c<b><i>Une Vie de Chien<\/i><\/b>\u201d de Damien Savey, \u201c<b><i>Qu\u2019est ce qui fait courir Darry Cowl ?<\/i><\/b>\u201d de Sonia M\u00e9dina, \u201c<b><i>Femmes de footballeurs, la vraie vie des wags<\/i><\/b>\u00bb d\u2019 Emmanuel Le Ber, \u00ab<b><i>Cassius Ka, la blessure secr\u00e8te de Mohamed Ali<\/i><\/b>\u00bb de Florian Gibert-Abensour, \u00ab<b><i>Sauvage, Survivre au Cin\u00e9ma<\/i><\/b>\u00bb de Jean-Marie Nizan &amp; St\u00e9phane Bergouhnioux, \u00ab<b><i>Les Chants des Possibles, rencontre lyrique internationale \u00e0 Paris<\/i><\/b>\u00bb de Patrick Savey, \u00ab<b><i>Des Mots en Accord, les 25 ans des Rencontres d\u2019Astaffort<\/i><\/b>\u00bb de Patrick Savey, \u00ab<b><i>Edou &amp; Thuthukani<\/i><\/b>\u00bb de Florian Gibert-Abensour et Philippe Buston, \u00ab<b><i>Rochas, l\u2019homme qui aimait les femmes<\/i><\/b>\u00bb de Sonia M\u00e9dina., \u00ab<b><i>Big In Jazz Collective<\/i><\/b>\u00bb de Marina Jallier, \u00ab<b><i>Le Ch\u00e2teau de mon grand-p\u00e8re<\/i><\/b>\u00bb de Iris Antoine, \u00ab <b><i>Comment Lemmy Caution et OSS 117 ont sauv\u00e9 les films d\u2019espionnage made in France \u2026ou pas !<\/i><\/b>\u00bb de Sonia M\u00e9dina et Alain Riou, \u00ab<b><i>Les \u00c9toiles du Capitole<\/i><\/b>\u00bb, de Patrick Savey, \u00abLa Fabuleuse Histoire de la Musique Guadeloup\u00e9enne\u00bb de Miguel Octave, \u00abDerri\u00e8re le Masque\u00bb de St\u00e9phane Krausz \u2026<\/p>\n<p class=\"p1\">Certains programmes ont \u00e9t\u00e9 r\u00e9compens\u00e9s.<span class=\"Apple-converted-space\">\u00a0 <\/span>On peut citer :<\/p>\n<p class=\"p2\">\u00ab <b><i>La L\u00e9gende du Groove<\/i><\/b> \u00bb, une s\u00e9rie de 7 portraits (dont Fred Wesley, Ike Turner, Dee Dee Bridgewater\u2026) mention sp\u00e9ciale au MIMPI 2004.<\/p>\n<p class=\"p2\">\u00ab <b><i>Autour du Blues\u2026 le Film<\/i><\/b> \u00bb (avec Axel Bauer, Dick Rivers, Jean-Jacques Goldman, Francis Cabrel, Michael Jones, Paul Personne\u2026) qui s\u2019est vu d\u00e9cern\u00e9 par l\u2019AFCAE (association fran\u00e7aise des cin\u00e9mas art et essai) le label art et essai.<\/p>\n<p class=\"p2\">Le documentaire \u00ab<b><i>Marcus<\/i><\/b>\u00bb sur Marcus Miller qui a \u00e9t\u00e9 r\u00e9compens\u00e9 en 2015 par le prix du meilleur documentaire au Breckenridge Festival (Colorado \u2013 U.S.A.).<\/p>\n<p class=\"p2\">La nomination aux Victoires de la Musique 2010 du DVD \u00ab<b><i>Des Roses et des Orties<\/i><\/b>\u00bb de Francis Cabrel.<\/p>\n<p class=\"p2\">La nomination aux Grammy Award 2012 du CD\/DVD \u00ab <b><i>Blue Moon<\/i><\/b> \u00bb d\u2019Ahmad Jamal.<\/p>\n<p class=\"p2\">Le film \u00ab <b><i>Les Cavaliers Afghans, sur les traces de Joseph Kessel <\/i><\/b>\u00bb de Louis Meunier qui a re\u00e7u le prix ALAIN BOMBARD au 26\u00e8me festival les \u00ab\u00c9crans de l\u2019Aventure\u00bb ainsi que le prix \u00abDIABLE D\u2019OR\u00bb cat\u00e9gorie \u00abCulture du Monde\u00bb au Festival International du Film Alpin des Diablerets.<\/p>\n<p class=\"p4\"><b>Sur les r\u00e9seaux sociaux, notre chaine Youtube compte actuellement plus de 210\u202f000 abonn\u00e9s et 98 000 000 vues et plus d\u20191,1 millions de vues sur notre cha\u00eene Dailymotion.<\/b><\/p>\n<p>[\/vc_column_text][\/vc_column][\/vc_row]<\/p>\n","protected":false},"excerpt":{"rendered":"<p>[vc_row][vc_column][vc_column_text] Depuis 2002 Zycopolis nos programmes se d\u00e9clinent autour du rock, du jazz, de la world music, du rap (hip-hop), de la chanson fran\u00e7aise, de la musique classique, c\u2019est plus de 400 concerts d\u2019artistes nationaux et internationaux qui nous ont fait confiance: Francis Cabrel, Marcus Miller, Coldplay, Maroon5, Ahmad Jamal, Rom\u00e9o Elvis, Bobby McFerrin, Gael [&hellip;]<\/p>\n","protected":false},"author":1,"featured_media":0,"parent":0,"menu_order":0,"comment_status":"closed","ping_status":"closed","template":"","meta":[],"acf":[],"yoast_head":"<!-- This site is optimized with the Yoast SEO plugin v19.13 - https:\/\/yoast.com\/wordpress\/plugins\/seo\/ -->\n<title>La compagnie - Zycopolis<\/title>\n<meta name=\"robots\" content=\"index, follow, max-snippet:-1, max-image-preview:large, max-video-preview:-1\" \/>\n<link rel=\"canonical\" href=\"https:\/\/zycopolis.com\/fr\/la-compagnie\/\" \/>\n<meta property=\"og:locale\" content=\"fr_FR\" \/>\n<meta property=\"og:type\" content=\"article\" \/>\n<meta property=\"og:title\" content=\"La compagnie - Zycopolis\" \/>\n<meta property=\"og:description\" content=\"[vc_row][vc_column][vc_column_text] Depuis 2002 Zycopolis nos programmes se d\u00e9clinent autour du rock, du jazz, de la world music, du rap (hip-hop), de la chanson fran\u00e7aise, de la musique classique, c\u2019est plus de 400 concerts d\u2019artistes nationaux et internationaux qui nous ont fait confiance: Francis Cabrel, Marcus Miller, Coldplay, Maroon5, Ahmad Jamal, Rom\u00e9o Elvis, Bobby McFerrin, Gael [&hellip;]\" \/>\n<meta property=\"og:url\" content=\"https:\/\/zycopolis.com\/fr\/la-compagnie\/\" \/>\n<meta property=\"og:site_name\" content=\"Zycopolis\" \/>\n<meta property=\"article:publisher\" content=\"https:\/\/www.facebook.com\/zycopolis\" \/>\n<meta property=\"article:modified_time\" content=\"2020-11-23T08:40:19+00:00\" \/>\n<meta property=\"og:image\" content=\"https:\/\/zycopolis.com\/production-video-concert-documentaire\/zycopolis-logo-328-150.png\" \/>\n\t<meta property=\"og:image:width\" content=\"328\" \/>\n\t<meta property=\"og:image:height\" content=\"150\" \/>\n\t<meta property=\"og:image:type\" content=\"image\/png\" \/>\n<meta name=\"twitter:card\" content=\"summary_large_image\" \/>\n<meta name=\"twitter:site\" content=\"@zycopolis\" \/>\n<meta name=\"twitter:label1\" content=\"Dur\u00e9e de lecture estim\u00e9e\" \/>\n\t<meta name=\"twitter:data1\" content=\"4 minutes\" \/>\n<script type=\"application\/ld+json\" class=\"yoast-schema-graph\">{\"@context\":\"https:\/\/schema.org\",\"@graph\":[{\"@type\":\"WebPage\",\"@id\":\"https:\/\/zycopolis.com\/fr\/la-compagnie\/\",\"url\":\"https:\/\/zycopolis.com\/fr\/la-compagnie\/\",\"name\":\"La compagnie - Zycopolis\",\"isPartOf\":{\"@id\":\"https:\/\/zycopolis.com\/fr\/#website\"},\"datePublished\":\"2016-04-04T09:27:04+00:00\",\"dateModified\":\"2020-11-23T08:40:19+00:00\",\"breadcrumb\":{\"@id\":\"https:\/\/zycopolis.com\/fr\/la-compagnie\/#breadcrumb\"},\"inLanguage\":\"fr-FR\",\"potentialAction\":[{\"@type\":\"ReadAction\",\"target\":[\"https:\/\/zycopolis.com\/fr\/la-compagnie\/\"]}]},{\"@type\":\"BreadcrumbList\",\"@id\":\"https:\/\/zycopolis.com\/fr\/la-compagnie\/#breadcrumb\",\"itemListElement\":[{\"@type\":\"ListItem\",\"position\":1,\"name\":\"Home\",\"item\":\"https:\/\/zycopolis.com\/fr\/\"},{\"@type\":\"ListItem\",\"position\":2,\"name\":\"La compagnie\"}]},{\"@type\":\"WebSite\",\"@id\":\"https:\/\/zycopolis.com\/fr\/#website\",\"url\":\"https:\/\/zycopolis.com\/fr\/\",\"name\":\"Zycopolis\",\"description\":\"Production son &amp; vid\u00e9o\",\"potentialAction\":[{\"@type\":\"SearchAction\",\"target\":{\"@type\":\"EntryPoint\",\"urlTemplate\":\"https:\/\/zycopolis.com\/fr\/?s={search_term_string}\"},\"query-input\":\"required name=search_term_string\"}],\"inLanguage\":\"fr-FR\"}]}<\/script>\n<!-- \/ Yoast SEO plugin. -->","yoast_head_json":{"title":"La compagnie - Zycopolis","robots":{"index":"index","follow":"follow","max-snippet":"max-snippet:-1","max-image-preview":"max-image-preview:large","max-video-preview":"max-video-preview:-1"},"canonical":"https:\/\/zycopolis.com\/fr\/la-compagnie\/","og_locale":"fr_FR","og_type":"article","og_title":"La compagnie - Zycopolis","og_description":"[vc_row][vc_column][vc_column_text] Depuis 2002 Zycopolis nos programmes se d\u00e9clinent autour du rock, du jazz, de la world music, du rap (hip-hop), de la chanson fran\u00e7aise, de la musique classique, c\u2019est plus de 400 concerts d\u2019artistes nationaux et internationaux qui nous ont fait confiance: Francis Cabrel, Marcus Miller, Coldplay, Maroon5, Ahmad Jamal, Rom\u00e9o Elvis, Bobby McFerrin, Gael [&hellip;]","og_url":"https:\/\/zycopolis.com\/fr\/la-compagnie\/","og_site_name":"Zycopolis","article_publisher":"https:\/\/www.facebook.com\/zycopolis","article_modified_time":"2020-11-23T08:40:19+00:00","og_image":[{"width":328,"height":150,"url":"https:\/\/zycopolis.com\/production-video-concert-documentaire\/zycopolis-logo-328-150.png","type":"image\/png"}],"twitter_card":"summary_large_image","twitter_site":"@zycopolis","twitter_misc":{"Dur\u00e9e de lecture estim\u00e9e":"4 minutes"},"schema":{"@context":"https:\/\/schema.org","@graph":[{"@type":"WebPage","@id":"https:\/\/zycopolis.com\/fr\/la-compagnie\/","url":"https:\/\/zycopolis.com\/fr\/la-compagnie\/","name":"La compagnie - Zycopolis","isPartOf":{"@id":"https:\/\/zycopolis.com\/fr\/#website"},"datePublished":"2016-04-04T09:27:04+00:00","dateModified":"2020-11-23T08:40:19+00:00","breadcrumb":{"@id":"https:\/\/zycopolis.com\/fr\/la-compagnie\/#breadcrumb"},"inLanguage":"fr-FR","potentialAction":[{"@type":"ReadAction","target":["https:\/\/zycopolis.com\/fr\/la-compagnie\/"]}]},{"@type":"BreadcrumbList","@id":"https:\/\/zycopolis.com\/fr\/la-compagnie\/#breadcrumb","itemListElement":[{"@type":"ListItem","position":1,"name":"Home","item":"https:\/\/zycopolis.com\/fr\/"},{"@type":"ListItem","position":2,"name":"La compagnie"}]},{"@type":"WebSite","@id":"https:\/\/zycopolis.com\/fr\/#website","url":"https:\/\/zycopolis.com\/fr\/","name":"Zycopolis","description":"Production son &amp; vid\u00e9o","potentialAction":[{"@type":"SearchAction","target":{"@type":"EntryPoint","urlTemplate":"https:\/\/zycopolis.com\/fr\/?s={search_term_string}"},"query-input":"required name=search_term_string"}],"inLanguage":"fr-FR"}]}},"_links":{"self":[{"href":"https:\/\/zycopolis.com\/fr\/wp-json\/wp\/v2\/pages\/1773"}],"collection":[{"href":"https:\/\/zycopolis.com\/fr\/wp-json\/wp\/v2\/pages"}],"about":[{"href":"https:\/\/zycopolis.com\/fr\/wp-json\/wp\/v2\/types\/page"}],"author":[{"embeddable":true,"href":"https:\/\/zycopolis.com\/fr\/wp-json\/wp\/v2\/users\/1"}],"replies":[{"embeddable":true,"href":"https:\/\/zycopolis.com\/fr\/wp-json\/wp\/v2\/comments?post=1773"}],"version-history":[{"count":14,"href":"https:\/\/zycopolis.com\/fr\/wp-json\/wp\/v2\/pages\/1773\/revisions"}],"predecessor-version":[{"id":33198,"href":"https:\/\/zycopolis.com\/fr\/wp-json\/wp\/v2\/pages\/1773\/revisions\/33198"}],"wp:attachment":[{"href":"https:\/\/zycopolis.com\/fr\/wp-json\/wp\/v2\/media?parent=1773"}],"curies":[{"name":"wp","href":"https:\/\/api.w.org\/{rel}","templated":true}]}}